{"id":5,"date":"2019-02-20T15:01:58","date_gmt":"2019-02-20T15:01:58","guid":{"rendered":"http:\/\/liz-brodersen.com\/?page_id=5"},"modified":"2019-04-09T14:50:45","modified_gmt":"2019-04-09T14:50:45","slug":"willkommen-bei-liz-brodersen","status":"publish","type":"page","link":"https:\/\/liz-brodersen.com\/","title":{"rendered":""},"content":{"rendered":"\t\t<div data-elementor-type=\"wp-post\" data-elementor-id=\"5\" class=\"elementor elementor-5\">\n\t\t\t\t\t\t<section class=\"elementor-section elementor-top-section elementor-element elementor-element-25afd17 elementor-section-boxed elementor-section-height-default elementor-section-height-default\" data-id=\"25afd17\" data-element_type=\"section\" data-e-type=\"section\">\n\t\t\t\t\t\t<div class=\"elementor-container elementor-column-gap-default\">\n\t\t\t\t\t<div class=\"elementor-column elementor-col-100 elementor-top-column elementor-element elementor-element-037bbda\" data-id=\"037bbda\" data-element_type=\"column\" data-e-type=\"column\">\n\t\t\t<div class=\"elementor-widget-wrap elementor-element-populated\">\n\t\t\t\t\t\t<div class=\"elementor-element elementor-element-24408bd elementor-widget elementor-widget-text-editor\" data-id=\"24408bd\" data-element_type=\"widget\" data-e-type=\"widget\" data-widget_type=\"text-editor.default\">\n\t\t\t\t<div class=\"elementor-widget-container\">\n\t\t\t\t\t\t\t\t\t<h1><strong>Willkommen bei Liz Brodersen<\/strong><\/h1><h3>Welcome to English speakers<\/h3>\t\t\t\t\t\t\t\t<\/div>\n\t\t\t\t<\/div>\n\t\t\t\t\t<\/div>\n\t\t<\/div>\n\t\t\t\t\t<\/div>\n\t\t<\/section>\n\t\t\t\t<section class=\"elementor-section elementor-top-section elementor-element elementor-element-75679d1 elementor-section-boxed elementor-section-height-default elementor-section-height-default\" data-id=\"75679d1\" data-element_type=\"section\" data-e-type=\"section\">\n\t\t\t\t\t\t<div class=\"elementor-container elementor-column-gap-default\">\n\t\t\t\t\t<div class=\"elementor-column elementor-col-100 elementor-top-column elementor-element elementor-element-d548fe0\" data-id=\"d548fe0\" data-element_type=\"column\" data-e-type=\"column\">\n\t\t\t<div class=\"elementor-widget-wrap elementor-element-populated\">\n\t\t\t\t\t\t<div class=\"elementor-element elementor-element-6b14e82 elementor-widget elementor-widget-image\" data-id=\"6b14e82\" data-element_type=\"widget\" data-e-type=\"widget\" data-widget_type=\"image.default\">\n\t\t\t\t<div class=\"elementor-widget-container\">\n\t\t\t\t\t\t\t\t\t\t\t\t\t\t\t<img fetchpriority=\"high\" decoding=\"async\" width=\"481\" height=\"576\" src=\"https:\/\/liz-brodersen.com\/wp-content\/uploads\/2019\/03\/t\u00fcr-bearbeitet-1.png\" class=\"attachment-large size-large wp-image-128\" alt=\"\" srcset=\"https:\/\/liz-brodersen.com\/wp-content\/uploads\/2019\/03\/t\u00fcr-bearbeitet-1.png 481w, https:\/\/liz-brodersen.com\/wp-content\/uploads\/2019\/03\/t\u00fcr-bearbeitet-1-251x300.png 251w\" sizes=\"(max-width: 481px) 100vw, 481px\" \/>\t\t\t\t\t\t\t\t\t\t\t\t\t\t\t<\/div>\n\t\t\t\t<\/div>\n\t\t\t\t\t<\/div>\n\t\t<\/div>\n\t\t\t\t\t<\/div>\n\t\t<\/section>\n\t\t\t\t<section class=\"elementor-section elementor-top-section elementor-element elementor-element-8ca9b8c elementor-section-boxed elementor-section-height-default elementor-section-height-default\" data-id=\"8ca9b8c\" data-element_type=\"section\" data-e-type=\"section\">\n\t\t\t\t\t\t<div class=\"elementor-container elementor-column-gap-default\">\n\t\t\t\t\t<div class=\"elementor-column elementor-col-100 elementor-top-column elementor-element elementor-element-5b5f195\" data-id=\"5b5f195\" data-element_type=\"column\" data-e-type=\"column\">\n\t\t\t<div class=\"elementor-widget-wrap elementor-element-populated\">\n\t\t\t\t\t\t<div class=\"elementor-element elementor-element-663b8ad elementor-widget elementor-widget-text-editor\" data-id=\"663b8ad\" data-element_type=\"widget\" data-e-type=\"widget\" data-widget_type=\"text-editor.default\">\n\t\t\t\t<div class=\"elementor-widget-container\">\n\t\t\t\t\t\t\t\t\t<h3><strong>Meine Spezialisierung als Analystin nach Jung<\/strong><\/h3>\n<p>Ich bin spezialisiert auf die Arbeit mit Tr\u00e4umen, Malerei und aktiver Imagination\u00a0 Ich arbeite besonders gerne mit Symbolen, wie sie in Tr\u00e4umen, k\u00fcnstlerischer Arbeit und aktiver Imagination erscheinen. Als spontane Ausbildungen k\u00f6nnen sie eine Br\u00fccke zu entfremdeten, unbewussten Emotionen schaffen. Solche Ausbildungen k\u00f6nnen anfangs in Tiergestalt als beschreibende und zu verarbeitende erste Manifestationen erscheinen.\u00a0 Blockierte Energie, die sich als schmerzhafte Symptome im K\u00f6rper auswirkt, wird durch diese Differenzierung freigesetzt und die Spaltung in der Psyche und in Soma kann durch diese Methode geheilt werden, um ein starkes Gef\u00fchl f\u00fcr das Selbst zu entwickeln, das disassoziierte Zust\u00e4nde tragen kann.<\/p>\n<p>Die Psychoanalyse nach C. G. Jung bietet eine einzigartige Methode zur Arbeit mit unbewussten intergenerationellen Komplexen, z.B. pers\u00f6nlichen oder elternbezogene Traumata, die das t\u00e4gliche Leben beeintr\u00e4chtigen, wenn diese traumatischen Komplexe nicht differenziert und verarbeitet werden. Diese Arbeit wird haupts\u00e4chlich durch Traumarbeit und andere spontan kreative Ausdrucksweisen geleistet, die aus dem Unbewussten kommen, z.B. in Kunst und aktiver Imagination.<\/p>\n<p>Ich befasse mich mit solchen Symptomen wie Angstzust\u00e4nde, Phobien, Panikattacken, Selbstsch\u00e4digung und Depression. Da ich aus Wales, Gro\u00dfbritannien, komme und viele Jahre in Deutschland gelebt habe, kann ich die Analyse sowohl in englischer wie in deutscher Sprache anbieten. Ich bin auch interessiert an Themen wie Entwurzelung, Heimwehkrankheit, \u00dcberschreitung von Kulturgrenzen, und wie man mit unbewussten Prozessen arbeitet, sodass man sich zu Hause f\u00fchlen kann mit Hoffnung in einer Kultur, die nicht die eigene ist, aber dennoch eigene Wege aufzeigt.<\/p>\t\t\t\t\t\t\t\t<\/div>\n\t\t\t\t<\/div>\n\t\t\t\t\t<\/div>\n\t\t<\/div>\n\t\t\t\t\t<\/div>\n\t\t<\/section>\n\t\t\t\t<section class=\"elementor-section elementor-top-section elementor-element elementor-element-e783fe6 elementor-section-boxed elementor-section-height-default elementor-section-height-default\" data-id=\"e783fe6\" data-element_type=\"section\" data-e-type=\"section\">\n\t\t\t\t\t\t<div class=\"elementor-container elementor-column-gap-default\">\n\t\t\t\t\t<div class=\"elementor-column elementor-col-100 elementor-top-column elementor-element elementor-element-1d53aa1\" data-id=\"1d53aa1\" data-element_type=\"column\" data-e-type=\"column\">\n\t\t\t<div class=\"elementor-widget-wrap elementor-element-populated\">\n\t\t\t\t\t\t<div class=\"elementor-element elementor-element-86c5112 elementor-widget-divider--view-line elementor-widget elementor-widget-divider\" data-id=\"86c5112\" data-element_type=\"widget\" data-e-type=\"widget\" data-widget_type=\"divider.default\">\n\t\t\t\t<div class=\"elementor-widget-container\">\n\t\t\t\t\t\t\t<div class=\"elementor-divider\">\n\t\t\t<span class=\"elementor-divider-separator\">\n\t\t\t\t\t\t<\/span>\n\t\t<\/div>\n\t\t\t\t\t\t<\/div>\n\t\t\t\t<\/div>\n\t\t\t\t\t<\/div>\n\t\t<\/div>\n\t\t\t\t\t<\/div>\n\t\t<\/section>\n\t\t\t\t<section class=\"elementor-section elementor-top-section elementor-element elementor-element-62e9de0 elementor-section-boxed elementor-section-height-default elementor-section-height-default\" data-id=\"62e9de0\" data-element_type=\"section\" data-e-type=\"section\">\n\t\t\t\t\t\t<div class=\"elementor-container elementor-column-gap-default\">\n\t\t\t\t\t<div class=\"elementor-column elementor-col-100 elementor-top-column elementor-element elementor-element-fbe855f\" data-id=\"fbe855f\" data-element_type=\"column\" data-e-type=\"column\">\n\t\t\t<div class=\"elementor-widget-wrap elementor-element-populated\">\n\t\t\t\t\t\t<div class=\"elementor-element elementor-element-a10046a elementor-widget elementor-widget-toggle\" data-id=\"a10046a\" data-element_type=\"widget\" data-e-type=\"widget\" data-widget_type=\"toggle.default\">\n\t\t\t\t<div class=\"elementor-widget-container\">\n\t\t\t\t\t\t\t<div class=\"elementor-toggle\">\n\t\t\t\t\t\t\t<div class=\"elementor-toggle-item\">\n\t\t\t\t\t<h4 id=\"elementor-tab-title-1681\" class=\"elementor-tab-title\" data-tab=\"1\" role=\"button\" aria-controls=\"elementor-tab-content-1681\" aria-expanded=\"false\">\n\t\t\t\t\t\t\t\t\t\t\t\t<span class=\"elementor-toggle-icon elementor-toggle-icon-left\" aria-hidden=\"true\">\n\t\t\t\t\t\t\t\t\t\t\t\t\t\t\t<i class=\"elementor-toggle-icon-closed fa fa-caret-right\"><\/i>\n\t\t\t\t\t\t\t\t<i class=\"elementor-toggle-icon-opened fa fa-caret-up\"><\/i>\n\t\t\t\t\t\t\t\t\t\t\t\t\t<\/span>\n\t\t\t\t\t\t\t\t\t\t\t\t<a class=\"elementor-toggle-title\" tabindex=\"0\">Konflikt l\u00f6sen durch Symbolarbeit<\/a>\n\t\t\t\t\t<\/h4>\n\n\t\t\t\t\t<div id=\"elementor-tab-content-1681\" class=\"elementor-tab-content elementor-clearfix\" data-tab=\"1\" role=\"region\" aria-labelledby=\"elementor-tab-title-1681\"><p>Ich arbeite gerne mit Symbolen, wie sie sich in Tr\u00e4umen, k\u00fcnstlerischer Arbeit und aktiver Imagination gestalten. Als spontane Bilder k\u00f6nnen sie eine Br\u00fccke zu entfremdeten, unbewussten Emotionen schaffen. Solche Bilder k\u00f6nnen anfangs in Tiergestalt, als beschreibende und zu verarbeitende erste Manifestationen von blockierten Emotionen erscheinen. Unbewusste Energie, die sich oft als schmerzhaftes Symptom im K\u00f6rper auswirkt, wird durch diese Differenzierung freigesetzt. Auf diese Weise kann die Spaltung in der Psyche und im K\u00f6rper geheilt werden, um ein starkes Gef\u00fchl f\u00fcr das Selbst zu entwickeln, das urspr\u00fcnglich versteckte oder disassozierte Zust\u00e4nde verarbeiten kann.<\/p><p><img decoding=\"async\" class=\"alignleft wp-image-132\" src=\"http:\/\/liz-brodersen.com\/wp-content\/uploads\/2019\/03\/13245.png\" alt=\"\" width=\"240\" height=\"210\" \/> <img decoding=\"async\" class=\"alignleft wp-image-107\" src=\"http:\/\/liz-brodersen.com\/wp-content\/uploads\/2019\/03\/Eintritt-der-Traeume-224x300.png\" alt=\"\" width=\"158\" height=\"212\" srcset=\"https:\/\/liz-brodersen.com\/wp-content\/uploads\/2019\/03\/Eintritt-der-Traeume-224x300.png 224w, https:\/\/liz-brodersen.com\/wp-content\/uploads\/2019\/03\/Eintritt-der-Traeume.png 479w\" sizes=\"(max-width: 158px) 100vw, 158px\" \/><img loading=\"lazy\" decoding=\"async\" class=\"alignleft wp-image-229\" src=\"http:\/\/liz-brodersen.com\/wp-content\/uploads\/2019\/04\/Konflikt-neu-1-223x300.png\" alt=\"\" width=\"157\" height=\"211\" srcset=\"https:\/\/liz-brodersen.com\/wp-content\/uploads\/2019\/04\/Konflikt-neu-1-223x300.png 223w, https:\/\/liz-brodersen.com\/wp-content\/uploads\/2019\/04\/Konflikt-neu-1.png 475w\" sizes=\"(max-width: 157px) 100vw, 157px\" \/><img loading=\"lazy\" decoding=\"async\" class=\"wp-image-260 alignleft\" src=\"http:\/\/liz-brodersen.com\/wp-content\/uploads\/2019\/04\/spiegel-konf-225x300.png\" alt=\"\" width=\"158\" height=\"210\" srcset=\"https:\/\/liz-brodersen.com\/wp-content\/uploads\/2019\/04\/spiegel-konf-225x300.png 225w, https:\/\/liz-brodersen.com\/wp-content\/uploads\/2019\/04\/spiegel-konf.png 481w\" sizes=\"(max-width: 158px) 100vw, 158px\" \/><img loading=\"lazy\" decoding=\"async\" class=\"alignleft wp-image-270\" src=\"http:\/\/liz-brodersen.com\/wp-content\/uploads\/2019\/04\/busch-konf-226x300.png\" alt=\"\" width=\"158\" height=\"210\" srcset=\"https:\/\/liz-brodersen.com\/wp-content\/uploads\/2019\/04\/busch-konf-226x300.png 226w, https:\/\/liz-brodersen.com\/wp-content\/uploads\/2019\/04\/busch-konf.png 481w\" sizes=\"(max-width: 158px) 100vw, 158px\" \/><\/p><\/div>\n\t\t\t\t<\/div>\n\t\t\t\t\t\t\t<div class=\"elementor-toggle-item\">\n\t\t\t\t\t<h4 id=\"elementor-tab-title-1682\" class=\"elementor-tab-title\" data-tab=\"2\" role=\"button\" aria-controls=\"elementor-tab-content-1682\" aria-expanded=\"false\">\n\t\t\t\t\t\t\t\t\t\t\t\t<span class=\"elementor-toggle-icon elementor-toggle-icon-left\" aria-hidden=\"true\">\n\t\t\t\t\t\t\t\t\t\t\t\t\t\t\t<i class=\"elementor-toggle-icon-closed fa fa-caret-right\"><\/i>\n\t\t\t\t\t\t\t\t<i class=\"elementor-toggle-icon-opened fa fa-caret-up\"><\/i>\n\t\t\t\t\t\t\t\t\t\t\t\t\t<\/span>\n\t\t\t\t\t\t\t\t\t\t\t\t<a class=\"elementor-toggle-title\" tabindex=\"0\">Traumarbeit<\/a>\n\t\t\t\t\t<\/h4>\n\n\t\t\t\t\t<div id=\"elementor-tab-content-1682\" class=\"elementor-tab-content elementor-clearfix\" data-tab=\"2\" role=\"region\" aria-labelledby=\"elementor-tab-title-1682\"><p style=\"text-align: left;\">Die Psychoanalyse nach C. G. Jung bietet eine einzigartige Methode zur Arbeit mit dem Unbewusstsein. Dies umfasst intergenerationelle Komplexe, z.B. pers\u00f6nliche oder elternbezogene Traumata, die das t\u00e4gliche Leben beeintr\u00e4chtigen, wenn diese traumatischen Komplexe nicht differenziert und verarbeitet werden. Diese Arbeit wird haupts\u00e4chlich durch Traumarbeit und andere spontan kreative Ausdrucksweisen geleistet, die aus dem Unbewussten kommen, z.B. in Kunst und aktiver I<img loading=\"lazy\" decoding=\"async\" class=\"alignleft wp-image-114\" src=\"http:\/\/liz-brodersen.com\/wp-content\/uploads\/2019\/03\/sonnenuntergang-225x300.png\" alt=\"\" width=\"158\" height=\"210\" srcset=\"https:\/\/liz-brodersen.com\/wp-content\/uploads\/2019\/03\/sonnenuntergang-225x300.png 225w, https:\/\/liz-brodersen.com\/wp-content\/uploads\/2019\/03\/sonnenuntergang.png 480w\" sizes=\"(max-width: 158px) 100vw, 158px\" \/><img loading=\"lazy\" decoding=\"async\" class=\"alignleft wp-image-231\" src=\"http:\/\/liz-brodersen.com\/wp-content\/uploads\/2019\/04\/neu-traum-224x300.png\" alt=\"\" width=\"157\" height=\"210\" srcset=\"https:\/\/liz-brodersen.com\/wp-content\/uploads\/2019\/04\/neu-traum-224x300.png 224w, https:\/\/liz-brodersen.com\/wp-content\/uploads\/2019\/04\/neu-traum.png 476w\" sizes=\"(max-width: 157px) 100vw, 157px\" \/><img loading=\"lazy\" decoding=\"async\" class=\"alignleft wp-image-230\" src=\"http:\/\/liz-brodersen.com\/wp-content\/uploads\/2019\/04\/neu-traum-1-223x300.png\" alt=\"\" width=\"157\" height=\"211\" srcset=\"https:\/\/liz-brodersen.com\/wp-content\/uploads\/2019\/04\/neu-traum-1-223x300.png 223w, https:\/\/liz-brodersen.com\/wp-content\/uploads\/2019\/04\/neu-traum-1.png 474w\" sizes=\"(max-width: 157px) 100vw, 157px\" \/> magination.<img loading=\"lazy\" decoding=\"async\" class=\"alignleft wp-image-265\" src=\"http:\/\/liz-brodersen.com\/wp-content\/uploads\/2019\/04\/busch-traum-225x300.png\" alt=\"\" width=\"158\" height=\"210\" srcset=\"https:\/\/liz-brodersen.com\/wp-content\/uploads\/2019\/04\/busch-traum-225x300.png 225w, https:\/\/liz-brodersen.com\/wp-content\/uploads\/2019\/04\/busch-traum.png 481w\" sizes=\"(max-width: 158px) 100vw, 158px\" \/><img loading=\"lazy\" decoding=\"async\" class=\"alignleft wp-image-268\" src=\"http:\/\/liz-brodersen.com\/wp-content\/uploads\/2019\/04\/busch-2-traum-1-227x300.png\" alt=\"\" width=\"159\" height=\"210\" srcset=\"https:\/\/liz-brodersen.com\/wp-content\/uploads\/2019\/04\/busch-2-traum-1-227x300.png 227w, https:\/\/liz-brodersen.com\/wp-content\/uploads\/2019\/04\/busch-2-traum-1.png 482w\" sizes=\"(max-width: 159px) 100vw, 159px\" \/><img loading=\"lazy\" decoding=\"async\" class=\"alignleft wp-image-79\" src=\"http:\/\/liz-brodersen.com\/wp-content\/uploads\/2019\/03\/Traumarbeit-223x300.png\" alt=\"\" width=\"156\" height=\"210\" srcset=\"https:\/\/liz-brodersen.com\/wp-content\/uploads\/2019\/03\/Traumarbeit-223x300.png 223w, https:\/\/liz-brodersen.com\/wp-content\/uploads\/2019\/03\/Traumarbeit.png 478w\" sizes=\"(max-width: 156px) 100vw, 156px\" \/><\/p><\/div>\n\t\t\t\t<\/div>\n\t\t\t\t\t\t\t\t<\/div>\n\t\t\t\t\t\t<\/div>\n\t\t\t\t<\/div>\n\t\t\t\t\t<\/div>\n\t\t<\/div>\n\t\t\t\t\t<\/div>\n\t\t<\/section>\n\t\t\t\t<\/div>\n\t\t","protected":false},"excerpt":{"rendered":"<p>Willkommen bei Liz Brodersen Welcome to English speakers Meine Spezialisierung als Analystin nach Jung Ich bin spezialisiert auf die Arbeit mit Tr\u00e4umen, Malerei und aktiver Imagination\u00a0 Ich arbeite besonders gerne mit Symbolen, wie sie in Tr\u00e4umen, k\u00fcnstlerischer Arbeit und aktiver &hellip; <a href=\"https:\/\/liz-brodersen.com\/\">Weiter<\/a><\/p>\n","protected":false},"author":1,"featured_media":0,"parent":0,"menu_order":0,"comment_status":"closed","ping_status":"closed","template":"","meta":{"footnotes":""},"class_list":["post-5","page","type-page","status-publish","hentry"],"_links":{"self":[{"href":"https:\/\/liz-brodersen.com\/index.php?rest_route=\/wp\/v2\/pages\/5","targetHints":{"allow":["GET"]}}],"collection":[{"href":"https:\/\/liz-brodersen.com\/index.php?rest_route=\/wp\/v2\/pages"}],"about":[{"href":"https:\/\/liz-brodersen.com\/index.php?rest_route=\/wp\/v2\/types\/page"}],"author":[{"embeddable":true,"href":"https:\/\/liz-brodersen.com\/index.php?rest_route=\/wp\/v2\/users\/1"}],"replies":[{"embeddable":true,"href":"https:\/\/liz-brodersen.com\/index.php?rest_route=%2Fwp%2Fv2%2Fcomments&post=5"}],"version-history":[{"count":64,"href":"https:\/\/liz-brodersen.com\/index.php?rest_route=\/wp\/v2\/pages\/5\/revisions"}],"predecessor-version":[{"id":273,"href":"https:\/\/liz-brodersen.com\/index.php?rest_route=\/wp\/v2\/pages\/5\/revisions\/273"}],"wp:attachment":[{"href":"https:\/\/liz-brodersen.com\/index.php?rest_route=%2Fwp%2Fv2%2Fmedia&parent=5"}],"curies":[{"name":"wp","href":"https:\/\/api.w.org\/{rel}","templated":true}]}}