{"id":24,"date":"2019-02-20T15:28:59","date_gmt":"2019-02-20T15:28:59","guid":{"rendered":"http:\/\/liz-brodersen.com\/?page_id=24"},"modified":"2019-03-26T09:27:07","modified_gmt":"2019-03-26T09:27:07","slug":"biografie","status":"publish","type":"page","link":"https:\/\/liz-brodersen.com\/?page_id=24","title":{"rendered":"Biografie"},"content":{"rendered":"\t\t<div data-elementor-type=\"wp-post\" data-elementor-id=\"24\" class=\"elementor elementor-24\">\n\t\t\t\t\t\t<section class=\"elementor-section elementor-top-section elementor-element elementor-element-21b70ad elementor-section-boxed elementor-section-height-default elementor-section-height-default\" data-id=\"21b70ad\" data-element_type=\"section\" data-e-type=\"section\">\n\t\t\t\t\t\t<div class=\"elementor-container elementor-column-gap-default\">\n\t\t\t\t\t<div class=\"elementor-column elementor-col-100 elementor-top-column elementor-element elementor-element-c971115\" data-id=\"c971115\" data-element_type=\"column\" data-e-type=\"column\">\n\t\t\t<div class=\"elementor-widget-wrap elementor-element-populated\">\n\t\t\t\t\t\t<div class=\"elementor-element elementor-element-6e01328 elementor-widget elementor-widget-text-editor\" data-id=\"6e01328\" data-element_type=\"widget\" data-e-type=\"widget\" data-widget_type=\"text-editor.default\">\n\t\t\t\t<div class=\"elementor-widget-container\">\n\t\t\t\t\t\t\t\t\t<p>Da ich aus Wales in Gro\u00dfbritannien komme und viele Jahre in Deutschland gelebt habe, kann ich die Analyse sowohl in englischer wie in deutscher Sprache anbieten.<\/p><p>Ich begann meine Ausbildung am C. G. Jung Institut in Z\u00fcrich im Jahr 2000 und erwarb meine Qualifikation als Psychoanalytikerin nach C.G. Jung im Februar 2008. Ich begann anschlie\u00dfend eine Dissertation in psychoanalytischen Studien an der Essex Universit\u00e4t in England und wurde im Jahr 2014 promoviert. Nach entsprechender Weiterbildung wurde ich als akkreditierte Lehranalystin und Supervisor am C. G. Jung Institut in Z\u00fcrich bestellt. An dem Institut richte ich Seminare aus und halte Vortr\u00e4ge. Meine wesentlichen Ver\u00f6ffentlichungen in der englischen Sprache wurden im Routledge Verlag, London und New York, ver\u00f6ffentlicht. Es handelt sich um <em>Laws of Inheritance, A post Jungian study of twins and the relationship between the first and the other(s)<\/em>, 2016; als Mitherausgeberin, <em>Jungian Perspectives on Rebirth and Renewal: Phoenix Rising<\/em>, 2017, und Autorin der Monographie <em>Taboo, Personal and Collective Representations, Origin within Cultural Complexes,<\/em> Routledge, 2019. Ich bin zur Zeit gemeinsame Vorsitzende der International Association for Jungian Studies, einer akademisch ausgerichteten Organisation, die zum Ziel hat, Studien zu Themen nach Jung zu diskutieren.<\/p><p>Wegen meiner eigenen Erfahrung als Auswanderin bin ich interessiert an Themen wie kulturellen Komplexen, Entwurzelung, Heimwehkrankheit, und \u00dcberschreitung von Kulturgrenzen. Ich arbeite daran, wie man mit unbewussten und bewussten Identit\u00e4tskonflikten umgehen kann, sodass man sich zu Hause f\u00fchlt mit Hoffnung in einer Kultur, die nicht die eigene ist. Da Frankfurt viele internationale Einwohner hat, ist dieser Erfahrung hilfreich f\u00fcr Personen, die aus anderen Kulturen kommen.\u00a0<\/p>\t\t\t\t\t\t\t\t<\/div>\n\t\t\t\t<\/div>\n\t\t\t\t\t<\/div>\n\t\t<\/div>\n\t\t\t\t\t<\/div>\n\t\t<\/section>\n\t\t\t\t<\/div>\n\t\t","protected":false},"excerpt":{"rendered":"<p>Da ich aus Wales in Gro\u00dfbritannien komme und viele Jahre in Deutschland gelebt habe, kann ich die Analyse sowohl in englischer wie in deutscher Sprache anbieten. Ich begann meine Ausbildung am C. G. Jung Institut in Z\u00fcrich im Jahr 2000 &hellip; <a href=\"https:\/\/liz-brodersen.com\/?page_id=24\">Weiter<\/a><\/p>\n","protected":false},"author":1,"featured_media":0,"parent":0,"menu_order":0,"comment_status":"closed","ping_status":"closed","template":"","meta":{"footnotes":""},"class_list":["post-24","page","type-page","status-publish","hentry"],"_links":{"self":[{"href":"https:\/\/liz-brodersen.com\/index.php?rest_route=\/wp\/v2\/pages\/24","targetHints":{"allow":["GET"]}}],"collection":[{"href":"https:\/\/liz-brodersen.com\/index.php?rest_route=\/wp\/v2\/pages"}],"about":[{"href":"https:\/\/liz-brodersen.com\/index.php?rest_route=\/wp\/v2\/types\/page"}],"author":[{"embeddable":true,"href":"https:\/\/liz-brodersen.com\/index.php?rest_route=\/wp\/v2\/users\/1"}],"replies":[{"embeddable":true,"href":"https:\/\/liz-brodersen.com\/index.php?rest_route=%2Fwp%2Fv2%2Fcomments&post=24"}],"version-history":[{"count":3,"href":"https:\/\/liz-brodersen.com\/index.php?rest_route=\/wp\/v2\/pages\/24\/revisions"}],"predecessor-version":[{"id":181,"href":"https:\/\/liz-brodersen.com\/index.php?rest_route=\/wp\/v2\/pages\/24\/revisions\/181"}],"wp:attachment":[{"href":"https:\/\/liz-brodersen.com\/index.php?rest_route=%2Fwp%2Fv2%2Fmedia&parent=24"}],"curies":[{"name":"wp","href":"https:\/\/api.w.org\/{rel}","templated":true}]}}